{"id":788,"date":"2026-03-17T14:53:29","date_gmt":"2026-03-17T13:53:29","guid":{"rendered":"https:\/\/familienrecht-gera.webseite-im-aufbau.com\/?page_id=788"},"modified":"2026-03-25T15:49:20","modified_gmt":"2026-03-25T14:49:20","slug":"impressum","status":"publish","type":"page","link":"https:\/\/familienrecht-gera.webseite-im-aufbau.com\/en\/impressum\/","title":{"rendered":"Legal statements"},"content":{"rendered":"<p>(et_pb_section fb_built = \u20181legal _builder_version =\u2019 4.27.4 \u2013 _modulle_preset = \u2018default\u2019 background_color = \u2018rgba (128,0,0,0.25)\u2019 custom_padding = \u201810px |||| false | false\u2019 border_width_bottom = \u20185px\u2019 border_color_bottom = \u2018gcid-body-color\u2019 global_colors_info =\u2019gcid-body-color:border_color_bottom \u00a9 \u2018] [et_pb_row _builder_version =\u2019 4.27.4 \u2013 _modulle_preset = \u2018default\u2019 global_colors_info = \u2018default\u2019 global_colors_info = \u2018et_pb_column type = \u20184_4\u2019 _builder_version =\u2019 4.27.4 \u2013 _modulle_preset = \u2018default\u2019 global_colors_info = \u2018\u2019] [et_pb_text _builder_version = \u20184.27.4\u2019 _preset = \u2018default\u2019 global_colors_info = \u2018\u2019] [et_pb_text _builder_version =\u2019 4.27.4] = \u2018et_pb_text _builder_version =\u2019 4 \u2013 _preset = \u2018default\u2019 global_colors_info = \u2018et_pb_column type = \u20184_builder_version_version =\u2019 _builder_preset = \u2018default\u2019 global_colors_info = \u2018default\u2019 global_colors_info = \u2018et_pb_column type = 4_builder_version_version =\u2019 _modulle_prepreset = \u2018default\u2019 global_colors_info = \u2018default\u2019 global_colors_info = \u2018\u2019] [et_pb_column type = \u20184_builder_version_version =\u2019 _modulle_prepreset = \u2018default\u2019 global_colors_info = \u2018et_pb_column type = = 17_builderder_version =\u2019 _modulle_preset = \u2018default\u2019 global_colors_info = \u2018et_pb _modulle_preset = \u2018default\u2019 text_font_sise = \u2018px\u2019 global_colors_info = \u2018\u00a9\u2019<\/p>\n<h1><span style=\"color: #800000;\"><strong>Legal statements<\/strong><\/span><\/h1>\n<p>&nbsp;<\/p>\n<p>Entries referred to in Article\u00a05 of the DDG<\/p>\n<p>Lawyer Antje B\u00f6ckl<br \/>Specialist criminal law lawyer<br \/>Humboldtstra\u00dfe 13<br \/>07545 Gera<\/p>\n<p><strong>Represented by: <\/strong><br \/>Antje B\u00f6ckl<\/p>\n<p><strong>Contact:<\/strong><br \/>Telephone: 0365-290660<br \/>Email: <a>rain.boeckl@t-online.de<\/a><\/p>\n<p><strong>VAT identification number: <\/strong><br \/>VAT identification number in accordance with Article\u00a027 of the Law on turnover tax: 65968243710<\/p>\n<p><strong>Regulatory Authority:<\/strong><br \/>Thuringia Bar<br \/>Station highway 46<br \/>99084furt<br \/>Tel. (0361) 654\u00a088-0<br \/>Fax. (0361) 654\u00a088-20<\/p>\n<p>Email: <a href=\"mailto:info@rak-thueringen.de\">info@rak-thueringen.de<\/a><br \/><a href=\"https:\/\/rak-thueringen.de\" target=\"_blank\" rel=\"noopener\">https:\/\/rak-thueringen.de<\/a><\/p>\n<p><strong>Professional title:<\/strong><br \/>Lawyers<br \/>Issued by the Federal Republic of Germany<br \/>Competent Chamber: RAK Th\u00fcringen<\/p>\n<p><strong>Consumer dispute resolution\/consumer dispute resolution unit<\/strong><br \/>We do not have and are not obliged to participate in dispute resolution procedures before a consumer dispute resolution entity.<\/p>\n<p><strong>Liability clause: <\/strong><\/p>\n<p><strong>Responsibility for content<\/strong><br \/>The content of our pages has been drawn up with great care. However, I am not in a position to guarantee the accuracy, completeness and timeliness of the content. In accordance with Article\u00a07(1) of the DDG, we, as service providers, are responsible for their own content on these pages under the general laws. However, under Articles 8 to 10 of the DDG, we are not required, as service providers, to monitor the information of others transmitted or stored, or to seek facts or circumstances indicating illegal activity. This is without prejudice to any obligation to withdraw or block the use of information under general law. However, liability in that regard is possible only once a specific infringement has been committed. If such an infringement is discovered, I shall remove that content as soon as possible.<\/p>\n<p><strong>Responsibility for links<\/strong><br \/>Our tender contains links to outside sites of third parties, the content of which has no influence. That is why I cannot guarantee that foreign content either. The content of the link\u00e9es pages is always the responsibility of the supplier or the operator of the pages. At the time when the link was established, the referenced pages were subject to a review of the existence of possible infringements of the law. The illegal content was not identifiable at the time when the link was established. However, in the absence of specific evidence of an infringement of the law, it is not possible to require constant review of the content of the link\u00e9es pages. If infringements are discovered, I shall immediately remove those links.<\/p>\n<p>Legal references to <a href=\"https:\/\/impressum-generator.de\" rel=\"dofollow noopener\" target=\"_blank\">Impressum.de alternator<\/a>. Powered by <a href=\"https:\/\/www.kanzlei-hasselbach.de\/\" rel=\"nofollow noopener\" target=\"_blank\">Franziska Hasselbach, Bonn<\/a>.<\/p>\n<p>[\/et_pb_text] [\/et_pb_column] [\/et_pb_row] [\/et_pb_section]<\/p>","protected":false},"excerpt":{"rendered":"<p>Legal information in accordance with Article\u00a05 of the DDG, lawyer Antje B\u00f6cklFachanw\u00e4ltin f\u00fcr StrafrechtHumboldtstra\u00dfe 1307545 Gera, by: Antje B\u00f6ckl kontakt: 0365 \u2013 290660E-mail: rain.boeckl@t-online.de VAT identification number pursuant to Article\u00a027 of the Turnover Tax Act: 65968243710 Supervisory authority: Rechtsanwaltskammer Th\u00fcringenBahnhofstra\u00dfe 4699084 ErfurtTel. (0361) 654\u00a088-0Fax. (0361) 654\u00a088-20 email: info@rak-thueringen.dehttps:\/rak-procheringen.de Formule: Prorogation of lawyers by: Federal Republic of Germany, competent chamber: RAK Th\u00fcringen<\/p>","protected":false},"author":15,"featured_media":0,"parent":0,"menu_order":0,"comment_status":"closed","ping_status":"closed","template":"","meta":{"_et_pb_use_builder":"on","_et_pb_old_content":"","_et_gb_content_width":"","footnotes":""},"class_list":["post-788","page","type-page","status-publish","hentry"],"_links":{"self":[{"href":"https:\/\/familienrecht-gera.webseite-im-aufbau.com\/en\/wp-json\/wp\/v2\/pages\/788","targetHints":{"allow":["GET"]}}],"collection":[{"href":"https:\/\/familienrecht-gera.webseite-im-aufbau.com\/en\/wp-json\/wp\/v2\/pages"}],"about":[{"href":"https:\/\/familienrecht-gera.webseite-im-aufbau.com\/en\/wp-json\/wp\/v2\/types\/page"}],"author":[{"embeddable":true,"href":"https:\/\/familienrecht-gera.webseite-im-aufbau.com\/en\/wp-json\/wp\/v2\/users\/15"}],"replies":[{"embeddable":true,"href":"https:\/\/familienrecht-gera.webseite-im-aufbau.com\/en\/wp-json\/wp\/v2\/comments?post=788"}],"version-history":[{"count":6,"href":"https:\/\/familienrecht-gera.webseite-im-aufbau.com\/en\/wp-json\/wp\/v2\/pages\/788\/revisions"}],"predecessor-version":[{"id":1488,"href":"https:\/\/familienrecht-gera.webseite-im-aufbau.com\/en\/wp-json\/wp\/v2\/pages\/788\/revisions\/1488"}],"wp:attachment":[{"href":"https:\/\/familienrecht-gera.webseite-im-aufbau.com\/en\/wp-json\/wp\/v2\/media?parent=788"}],"curies":[{"name":"wp","href":"https:\/\/api.w.org\/{rel}","templated":true}]}}