{"id":788,"date":"2026-03-17T14:53:29","date_gmt":"2026-03-17T13:53:29","guid":{"rendered":"https:\/\/familienrecht-gera.webseite-im-aufbau.com\/?page_id=788"},"modified":"2026-03-25T15:49:20","modified_gmt":"2026-03-25T14:49:20","slug":"impressum","status":"publish","type":"page","link":"https:\/\/familienrecht-gera.webseite-im-aufbau.com\/es\/impressum\/","title":{"rendered":"Declaraciones jur\u00eddicas"},"content":{"rendered":"<p>[et_pb_section fb_built = \u00ab1de _builder_versi\u00f3n =\u00bb 4.27.4 \u2014 _module_preset = \u00abdefault\u00bb background_color = \u00abrgba (128,0,0,0.25)\u00bb custom_padding = \u00ab10px |||| false | false\u00bb border_width_bottom = \u00ab5px\u00bb border_color_bottom = \u00abgcid-body-color\u00bb global_cod\u00e9n_info =\u00bbgcid-body-color:border_color_bottom \u00a9 \u00ab] [et_pb_row _builder_version =\u00bb 4.27.4 \u2014 _module_preset = \u00abdefault\u00bb global_cod\u00e9_info = \u00abdefault\u00bb global_copris_info = \u00abet_pb_column tipo = \u00ab4_4\u00bb _builder_versi\u00f3n =\u00bb 4.27.4 \u2014 _module_preset = \u00abdefault\u00bb global_cod\u00e9r_info = \u00ab\u00bb] [et_pb_text _builder_versi\u00f3n =\u00bb \u00ab4.27.4\u00bb _preset = \u00abdefault\u00bb global_coCuando _info = \u00abet_pb_text _builder_versi\u00f3n =\u00bb 4.27.4 \u2014 _preset = \u00abdefault\u00bb global_copris_info = \u00abet_pb_column tipo = \u00ab4_builder_version_version_versi\u00f3n =\u00bb _builder_preset = \u00abdefault\u00bb global_cod\u00e9_info = \u00abdefault\u00bb global_copris_info = \u00abet_pb_column\u00bb tipo = \u00ab4_builder_version_version_versi\u00f3n =\u00bb _module_prepreset = \u00abdefault\u00bb global_copris_info = \u00ab\u00bb] [et_pb_column tipo = \u00ab4_builder_version_versi\u00f3n =\u00bb _module_prepreset = \u00abdefault\u00bb global_cod\u00e9_info = \u00abet_pb_column tipo = = 4_builderder_version_versi\u00f3n =\u00bb _module_preset = \u00abdefault\u00bb global_cotou_info = \u00abet_pb _module_preset = \u00abdefault\u00bb text_font_size = \u00ab17px\u00bb global_cod\u00e9_info = \u00ab\u00a9\u00bb<\/p>\n<h1><span style=\"color: #800000;\"><strong>Declaraciones jur\u00eddicas<\/strong><\/span><\/h1>\n<p>&nbsp;<\/p>\n<p>Indicaciones contempladas en el art\u00edculo\u00a05 del DDG<\/p>\n<p>Abogada Antje B\u00f6ckl<br \/>Abogada especializada en Derecho penal<br \/>Humboldtstra\u00dfe 13<br \/>07545 Gera<\/p>\n<p><strong>Representantes procesales: <\/strong><br \/>Antje B\u00f6ckl<\/p>\n<p><strong>Contacto:<\/strong><br \/>Tel\u00e9fono: 0365-290660<br \/>Correo electr\u00f3nico: <a>rain.boeckl@t-online.de<\/a><\/p>\n<p><strong>N\u00famero de identificaci\u00f3n a efectos del IVA: <\/strong><br \/>N\u00famero de identificaci\u00f3n a efectos del IVA con arreglo al art\u00edculo\u00a027.a de la Ley del impuesto sobre el volumen de negocios: 65968243710<\/p>\n<p><strong>Autoridad de reglamentaci\u00f3n:<\/strong><br \/>Colegio de Abogados de Turingia<br \/>Carretera de las estaciones 46<br \/>99084furt<br \/>Tel. (0361) 654\u00a088-0<br \/>Fax. (0361) 654\u00a088-20<\/p>\n<p>Correo electr\u00f3nico: <a href=\"mailto:info@rak-thueringen.de\">info@rak-thueringen.de<\/a><br \/><a href=\"https:\/\/rak-thueringen.de\" target=\"_blank\" rel=\"noopener\">https:\/\/rak-thueringen.de<\/a><\/p>\n<p><strong>T\u00edtulo profesional:<\/strong><br \/>Abogados<br \/>Expedido por la Rep\u00fablica Federal de Alemania<br \/>Sala competente: RAK Th\u00fcringen<\/p>\n<p><strong>Resoluci\u00f3n de litigios en materia de consumo\/Unidad de resoluci\u00f3n de litigios en materia de consumo<\/strong><br \/>No disponemos ni est\u00e1n obligados a participar en los procedimientos de resoluci\u00f3n de litigios ante una entidad de resoluci\u00f3n de litigios en materia de consumo.<\/p>\n<p><strong>Cl\u00e1usula de responsabilidad: <\/strong><\/p>\n<p><strong>Responsabilidad del contenido<\/strong><br \/>El contenido de nuestras p\u00e1ginas se ha elaborado con el m\u00e1ximo cuidado. Sin embargo, no podemos garantizar la exactitud, exhaustividad y actualidad del contenido. De conformidad con el art\u00edculo\u00a07, apartado\u00a01, de la DDG, el Tribunal, como prestadores de servicios, es responsable de su propio contenido en estas p\u00e1ginas con arreglo a las leyes generales. Sin embargo, en virtud de los art\u00edculos\u00a08 a 10 de la DDG, no estamos obligados, como prestadores de servicios, a supervisar la informaci\u00f3n transmitida o almacenada de terceros, ni a buscar hechos o circunstancias que indiquen una actividad il\u00edcita. Esto se entiende sin perjuicio de cualquier obligaci\u00f3n de retirar o bloquear el uso de la informaci\u00f3n en virtud de la legislaci\u00f3n general. Sin embargo, la responsabilidad a este respecto solo es posible a partir del momento en que se haya cometido una infracci\u00f3n concreta. En caso de que se descubra una infracci\u00f3n de este tipo, eliminaremos este contenido lo antes posible.<\/p>\n<p><strong>Responsabilidad en materia de v\u00ednculos<\/strong><br \/>Nuestra oferta contiene enlaces a sitios web externos de terceros, cuyo contenido no tiene ninguna influencia. Por este motivo, tampoco podemos garantizar estos contenidos extranjeros. El contenido de las p\u00e1ginas linkadas sigue siendo responsabilidad del suministrador o del operador de las p\u00e1ginas. Las p\u00e1ginas de referencia fueron objeto, en el momento del establecimiento del v\u00ednculo, de un control de la existencia de posibles infracciones del Derecho. Los contenidos il\u00edcitos no eran identificables en el momento en que se estableci\u00f3 el v\u00ednculo. A falta de indicios concretos de una infracci\u00f3n del Derecho, no puede exigirse, sin embargo, un control permanente del contenido de las p\u00e1ginas linkas. En caso de descubrirse infracciones, eliminaremos inmediatamente estos v\u00ednculos.<\/p>\n<p>Indicaciones legales de <a href=\"https:\/\/impressum-generator.de\" rel=\"dofollow noopener\" target=\"_blank\">Alternador impressum.de<\/a>. Powered by <a href=\"https:\/\/www.kanzlei-hasselbach.de\/\" rel=\"nofollow noopener\" target=\"_blank\">Franziska Hasselbach, Bonn<\/a>.<\/p>\n<p>[\/et_pb_text] [\/et_pb_column] [\/et_pb_row] [\/et_pb_section]<\/p>","protected":false},"excerpt":{"rendered":"<p>Indicaciones legales con arreglo al art\u00edculo\u00a05 de la DDG, abogada Antje B\u00f6cklFachanw\u00e4ltin f\u00fcr StrafrechtHumboldtstra\u00dfe 1307545 Gera, por: Antje B\u00f6ckl kontakt: Telefon: 0365-290660E-mail: rain.boeckl@t-online.de n\u00famero de identificaci\u00f3n a efectos del IVA con arreglo al art\u00edculo\u00a027.a de la Ley del impuesto sobre el volumen de negocios: 65968243710 \u00d3rgano de Vigilancia: Rechtsanwaltskammer Th\u00fcringenBahnhofstra\u00dfe 4699084 ErfurtTel. (0361) 654\u00a088-0Fax. (0361) 654\u00a088-20 correo electr\u00f3nico: info@rak-thueringen.dehttps:\/thueringen.de Formule: Pr\u00f3rroga de abogados por: Rep\u00fablica Federal de Alemania, sala competente: RAK Th\u00fcringen<\/p>","protected":false},"author":15,"featured_media":0,"parent":0,"menu_order":0,"comment_status":"closed","ping_status":"closed","template":"","meta":{"_et_pb_use_builder":"on","_et_pb_old_content":"","_et_gb_content_width":"","footnotes":""},"class_list":["post-788","page","type-page","status-publish","hentry"],"_links":{"self":[{"href":"https:\/\/familienrecht-gera.webseite-im-aufbau.com\/es\/wp-json\/wp\/v2\/pages\/788","targetHints":{"allow":["GET"]}}],"collection":[{"href":"https:\/\/familienrecht-gera.webseite-im-aufbau.com\/es\/wp-json\/wp\/v2\/pages"}],"about":[{"href":"https:\/\/familienrecht-gera.webseite-im-aufbau.com\/es\/wp-json\/wp\/v2\/types\/page"}],"author":[{"embeddable":true,"href":"https:\/\/familienrecht-gera.webseite-im-aufbau.com\/es\/wp-json\/wp\/v2\/users\/15"}],"replies":[{"embeddable":true,"href":"https:\/\/familienrecht-gera.webseite-im-aufbau.com\/es\/wp-json\/wp\/v2\/comments?post=788"}],"version-history":[{"count":6,"href":"https:\/\/familienrecht-gera.webseite-im-aufbau.com\/es\/wp-json\/wp\/v2\/pages\/788\/revisions"}],"predecessor-version":[{"id":1488,"href":"https:\/\/familienrecht-gera.webseite-im-aufbau.com\/es\/wp-json\/wp\/v2\/pages\/788\/revisions\/1488"}],"wp:attachment":[{"href":"https:\/\/familienrecht-gera.webseite-im-aufbau.com\/es\/wp-json\/wp\/v2\/media?parent=788"}],"curies":[{"name":"wp","href":"https:\/\/api.w.org\/{rel}","templated":true}]}}